{"id":928,"date":"2020-03-20T15:25:32","date_gmt":"2020-03-20T14:25:32","guid":{"rendered":"https:\/\/iam.pwr.edu.pl\/?page_id=928"},"modified":"2020-06-19T15:21:06","modified_gmt":"2020-06-19T13:21:06","slug":"administracja","status":"publish","type":"page","link":"https:\/\/iam.pwr.edu.pl\/pl\/kontakt\/administracja\/","title":{"rendered":"Administracja"},"content":{"rendered":"\n<h3 class=\"wp-block-heading\">Obs\u0142uga administracyjna katedry<\/h3>\n\n\n\n<ul class=\"wp-block-list\"><li><a href=\"mailto:katarzyna.kierzek@pwr.edu.pl\">Katarzyna Kierzek<\/a>: tel. 4119 \u2013 oceny student\u00f3w i tematy prac dyplomowych<\/li><li><a href=\"mailto:krystyna.zajac@pwr.edu.pl\">Krystyna Zaj\u0105c<\/a>: tel. 2915 \u2013 finanse<\/li><li><a href=\"mailto:kinga.bojdo@pwr.edu.pl\">Kinga Bojdo<\/a>: tel. 2426 \u2013 finanse<\/li><li><a href=\"mailto:monika.wawrzewska@pwr.edu.pl\">Monika Wawrzewska<\/a>: tel. 2919 \u2013 podr\u00f3\u017ce, procedury awansowe<\/li><li><a href=\"mailto:ewa.kawinska@pwr.edu.pl\">Ewa Kawi\u0144ska<\/a>: tel. 3843 \u2013 doktoranci<\/li><\/ul>\n\n\n\n<h3 class=\"wp-block-heading\">Linki<\/h3>\n\n\n\n<ul class=\"wp-block-list\"><li>Portal doktorant\u00f3w: <a href=\"https:\/\/doktoranci.pwr.edu.pl\">https:\/\/doktoranci.pwr.edu.pl<\/a><\/li><li>Serwer Active Directory: <a href=\"https:\/\/ad.pwr.wroc.pl\/ad\/\">https:\/\/ad.pwr.wroc.pl\/ad<\/a><\/li><li>Serwer pocztowy: <a href=\"https:\/\/e.pwr.edu.pl\">https:\/\/e.pwr.edu.pl<\/a><\/li><li>Rejestracja go\u015bci mi\u0119dzynarodowych: <a href=\"http:\/\/dsm.pwr.edu.pl\/pracownicy\/mobilnosc-akademicka-\/przyjazdy-gosci-zagranicznych---system-elektronicznego-skladania-wnioskow\">Rejestracja<\/a><\/li><li>Elektroniczna ksi\u0105\u017cka telefoniczna <a href=\"https:\/\/ekt.pwr.edu.pl\">https:\/\/ekt.pwr.edu.pl<\/a><\/li><li>Rejestracja artyku\u0142\u00f3w w bazie DONA <a href=\"https:\/\/dona.pwr.edu.pl\/zgloszenie-pracy\/\">https:\/\/dona.pwr.edu.pl\/zgloszenie-pracy<\/a><\/li><li>Repozytorium PWr <a href=\"https:\/\/sd.pwr.edu.pl\/\">https:\/\/sd.pwr.edu.pl<\/a><\/li><\/ul>\n\n\n\n<p><\/p>\n","protected":false},"excerpt":{"rendered":"<p>Obs\u0142uga administracyjna katedry Katarzyna Kierzek: tel. 4119 \u2013 oceny student\u00f3w i tematy prac dyplomowych Krystyna Zaj\u0105c: tel. 2915 \u2013 finanse Kinga Bojdo: tel. 2426 \u2013 finanse Monika Wawrzewska: tel. 2919 \u2013 podr\u00f3\u017ce, procedury awansowe Ewa Kawi\u0144ska: tel. 3843 \u2013 doktoranci Linki Portal doktorant\u00f3w: https:\/\/doktoranci.pwr.edu.pl Serwer Active Directory: https:\/\/ad.pwr.wroc.pl\/ad Serwer pocztowy: https:\/\/e.pwr.edu.pl Rejestracja go\u015bci mi\u0119dzynarodowych: Rejestracja [&#8230;]<\/p>\n<p><a class=\"btn btn-secondary understrap-read-more-link\" href=\"https:\/\/iam.pwr.edu.pl\/pl\/kontakt\/administracja\/\">Czytaj wi\u0119cej&#8230;<\/a><\/p>\n","protected":false},"author":5,"featured_media":0,"parent":806,"menu_order":0,"comment_status":"closed","ping_status":"closed","template":"","meta":{"footnotes":""},"class_list":["post-928","page","type-page","status-publish","hentry"],"_links":{"self":[{"href":"https:\/\/iam.pwr.edu.pl\/pl\/wp-json\/wp\/v2\/pages\/928","targetHints":{"allow":["GET"]}}],"collection":[{"href":"https:\/\/iam.pwr.edu.pl\/pl\/wp-json\/wp\/v2\/pages"}],"about":[{"href":"https:\/\/iam.pwr.edu.pl\/pl\/wp-json\/wp\/v2\/types\/page"}],"author":[{"embeddable":true,"href":"https:\/\/iam.pwr.edu.pl\/pl\/wp-json\/wp\/v2\/users\/5"}],"replies":[{"embeddable":true,"href":"https:\/\/iam.pwr.edu.pl\/pl\/wp-json\/wp\/v2\/comments?post=928"}],"version-history":[{"count":1,"href":"https:\/\/iam.pwr.edu.pl\/pl\/wp-json\/wp\/v2\/pages\/928\/revisions"}],"predecessor-version":[{"id":929,"href":"https:\/\/iam.pwr.edu.pl\/pl\/wp-json\/wp\/v2\/pages\/928\/revisions\/929"}],"up":[{"embeddable":true,"href":"https:\/\/iam.pwr.edu.pl\/pl\/wp-json\/wp\/v2\/pages\/806"}],"wp:attachment":[{"href":"https:\/\/iam.pwr.edu.pl\/pl\/wp-json\/wp\/v2\/media?parent=928"}],"curies":[{"name":"wp","href":"https:\/\/api.w.org\/{rel}","templated":true}]}}