{"id":806,"date":"2020-03-20T15:25:32","date_gmt":"2020-03-20T14:25:32","guid":{"rendered":"https:\/\/iam.pwr.edu.pl\/?page_id=806"},"modified":"2023-02-02T11:54:36","modified_gmt":"2023-02-02T10:54:36","slug":"kontakt","status":"publish","type":"page","link":"https:\/\/iam.pwr.edu.pl\/pl\/kontakt\/","title":{"rendered":"Kontakt"},"content":{"rendered":"\n<h3 class=\"wp-block-heading\"><\/h3>\n\n\n\n<p>Politechnika Wroc\u0142awska<br>Wydzia\u0142 Chemiczny, Instytut Materia\u0142\u00f3w Zaawansowanych<br>Wybrze\u017ce Wyspia\u0144skiego 27<br>50-370 Wroc\u0142aw, Poland<br>Fax: (+48) (0) 71 320 43 19 (sekretariat)<br><strong>NIP:<\/strong> PL-896-000-58-51<br><strong>REGON:<\/strong> P-000001614-33000000-55-1-811-93009<\/p>\n\n\n\n<h3 class=\"wp-block-heading\">Location of the Department<\/h3>\n\n\n\n<p>Budynek A2, ul. \u0141ukasiewicza 2, 50-371 Wroc\u0142aw<br>Budynek A3, ul. Smoluchowskiego 23, 50-372 Wroc\u0142aw<\/p>\n\n\n\n<figure class=\"wp-block-image\"><a href=\"http:\/\/fermi.pwr.edu.pl\/wp-content\/uploads\/2015\/02\/att_mapa_kampus_pwr_2015_en.jpg\"><img decoding=\"async\" src=\"http:\/\/fermi.pwr.edu.pl\/wp-content\/uploads\/2015\/02\/att_mapa_kampus_pwr_2015_en-300x212.jpg\" alt=\"WUT campus map\" class=\"wp-image-182\"\/><\/a><\/figure>\n","protected":false},"excerpt":{"rendered":"<p>Politechnika Wroc\u0142awskaWydzia\u0142 Chemiczny, Instytut Materia\u0142\u00f3w ZaawansowanychWybrze\u017ce Wyspia\u0144skiego 2750-370 Wroc\u0142aw, PolandFax: (+48) (0) 71 320 43 19 (sekretariat)NIP: PL-896-000-58-51REGON: P-000001614-33000000-55-1-811-93009 Location of the Department Budynek A2, ul. \u0141ukasiewicza 2, 50-371 Wroc\u0142awBudynek A3, ul. Smoluchowskiego 23, 50-372 Wroc\u0142aw [&#8230;]<\/p>\n<p><a class=\"btn btn-secondary understrap-read-more-link\" href=\"https:\/\/iam.pwr.edu.pl\/pl\/kontakt\/\">Czytaj wi\u0119cej&#8230;<\/a><\/p>\n","protected":false},"author":1,"featured_media":0,"parent":0,"menu_order":0,"comment_status":"closed","ping_status":"closed","template":"","meta":{"footnotes":""},"class_list":["post-806","page","type-page","status-publish","hentry"],"_links":{"self":[{"href":"https:\/\/iam.pwr.edu.pl\/pl\/wp-json\/wp\/v2\/pages\/806","targetHints":{"allow":["GET"]}}],"collection":[{"href":"https:\/\/iam.pwr.edu.pl\/pl\/wp-json\/wp\/v2\/pages"}],"about":[{"href":"https:\/\/iam.pwr.edu.pl\/pl\/wp-json\/wp\/v2\/types\/page"}],"author":[{"embeddable":true,"href":"https:\/\/iam.pwr.edu.pl\/pl\/wp-json\/wp\/v2\/users\/1"}],"replies":[{"embeddable":true,"href":"https:\/\/iam.pwr.edu.pl\/pl\/wp-json\/wp\/v2\/comments?post=806"}],"version-history":[{"count":2,"href":"https:\/\/iam.pwr.edu.pl\/pl\/wp-json\/wp\/v2\/pages\/806\/revisions"}],"predecessor-version":[{"id":1851,"href":"https:\/\/iam.pwr.edu.pl\/pl\/wp-json\/wp\/v2\/pages\/806\/revisions\/1851"}],"wp:attachment":[{"href":"https:\/\/iam.pwr.edu.pl\/pl\/wp-json\/wp\/v2\/media?parent=806"}],"curies":[{"name":"wp","href":"https:\/\/api.w.org\/{rel}","templated":true}]}}